{"id":106,"date":"2024-11-12T17:44:43","date_gmt":"2024-11-12T17:44:43","guid":{"rendered":"https:\/\/msj.oaza.uk\/?page_id=106"},"modified":"2025-12-16T21:26:21","modified_gmt":"2025-12-16T21:26:21","slug":"rekolekcje-2025","status":"publish","type":"page","link":"https:\/\/msj.oaza.uk\/index.php\/rekolekcje-2025\/","title":{"rendered":"REKOLEKCJE 2026"},"content":{"rendered":"\n<p>Nasze najbli\u017csze weekendowe rekolekcje odb\u0119d\u0105 si\u0119 od pi\u0105tku 27 lutego do niedzieli 1-go marca 2026 w Aylesford.<\/p>\n\n\n\n<p>Podczas weekendu b\u0119dziemy mieli czas na wsp\u00f3ln\u0105 modlitw\u0119, integracj\u0119 oraz wzrost duchowy. Tym razem rekolekcje poprowadzi ksi\u0105dz Wojciech Drab (rekolekcjonista, egzorcysta i mistyk).<\/p>\n\n\n\n<p>Koszt rekolekcji to:<\/p>\n\n\n\n<p>Pok\u00f3j jedno-osobowy to \u00a3270<\/p>\n\n\n\n<p>Pok\u00f3j standardowy to \u00a3250<\/p>\n\n\n\n<p>Zg\u0142oszenia i zaliczk\u0119 w kwocie \u00a350 przyjmuj\u0105 liderzy poszczeg\u00f3lnych grup do 20 grudnia 2025.<\/p>\n\n\n\n<p>Ca\u0142o\u015b\u0107 nale\u017cy uregulowa\u0107 do 10 stycznia 2025.<\/p>\n\n\n\n<p>Szczeg\u00f3\u0142y bli\u017cej terminu rekolekcji.<\/p>\n","protected":false},"excerpt":{"rendered":"<p>Nasze najbli\u017csze weekendowe rekolekcje odb\u0119d\u0105 si\u0119 od pi\u0105tku 27 lutego do niedzieli 1-go marca 2026 w Aylesford. Podczas weekendu b\u0119dziemy mieli czas na wsp\u00f3ln\u0105 modlitw\u0119, integracj\u0119 oraz wzrost duchowy. Tym razem rekolekcje poprowadzi ksi\u0105dz Wojciech Drab (rekolekcjonista, egzorcysta i mistyk). Koszt rekolekcji to: Pok\u00f3j jedno-osobowy to \u00a3270 Pok\u00f3j standardowy to \u00a3250 Zg\u0142oszenia i zaliczk\u0119 w &hellip; <a href=\"https:\/\/msj.oaza.uk\/index.php\/rekolekcje-2025\/\" class=\"more-link\">Continue reading <span class=\"screen-reader-text\">REKOLEKCJE 2026<\/span> <span class=\"meta-nav\">&rarr;<\/span><\/a><\/p>\n","protected":false},"author":1,"featured_media":0,"parent":0,"menu_order":0,"comment_status":"closed","ping_status":"closed","template":"","meta":{"footnotes":""},"_links":{"self":[{"href":"https:\/\/msj.oaza.uk\/index.php\/wp-json\/wp\/v2\/pages\/106"}],"collection":[{"href":"https:\/\/msj.oaza.uk\/index.php\/wp-json\/wp\/v2\/pages"}],"about":[{"href":"https:\/\/msj.oaza.uk\/index.php\/wp-json\/wp\/v2\/types\/page"}],"author":[{"embeddable":true,"href":"https:\/\/msj.oaza.uk\/index.php\/wp-json\/wp\/v2\/users\/1"}],"replies":[{"embeddable":true,"href":"https:\/\/msj.oaza.uk\/index.php\/wp-json\/wp\/v2\/comments?post=106"}],"version-history":[{"count":2,"href":"https:\/\/msj.oaza.uk\/index.php\/wp-json\/wp\/v2\/pages\/106\/revisions"}],"predecessor-version":[{"id":116,"href":"https:\/\/msj.oaza.uk\/index.php\/wp-json\/wp\/v2\/pages\/106\/revisions\/116"}],"wp:attachment":[{"href":"https:\/\/msj.oaza.uk\/index.php\/wp-json\/wp\/v2\/media?parent=106"}],"curies":[{"name":"wp","href":"https:\/\/api.w.org\/{rel}","templated":true}]}}