{"id":42,"date":"2024-10-31T14:27:42","date_gmt":"2024-10-31T14:27:42","guid":{"rendered":"https:\/\/msj.oaza.uk\/?page_id=42"},"modified":"2025-12-16T21:29:36","modified_gmt":"2025-12-16T21:29:36","slug":"spotkania","status":"publish","type":"page","link":"https:\/\/msj.oaza.uk\/index.php\/spotkania\/","title":{"rendered":"Spotkania"},"content":{"rendered":"\n<p>Spotkania grupy M\u0119\u017cczyzn \u015awi\u0119tego J\u00f3zefa w Birmingham odbywaj\u0105 si\u0119 raz w miesi\u0105cu w pi\u0105tek po mszy wieczornej o godzinie 19:00. <\/p>\n\n\n\n<p>Nast\u0119pne spotkanie odb\u0119dzie si\u0119 16-go stycznia.  Zapraszamy wszystkich ch\u0119tnych m\u0119\u017ccczyzn.<\/p>\n","protected":false},"excerpt":{"rendered":"<p>Spotkania grupy M\u0119\u017cczyzn \u015awi\u0119tego J\u00f3zefa w Birmingham odbywaj\u0105 si\u0119 raz w miesi\u0105cu w pi\u0105tek po mszy wieczornej o godzinie 19:00. Nast\u0119pne spotkanie odb\u0119dzie si\u0119 16-go stycznia. Zapraszamy wszystkich ch\u0119tnych m\u0119\u017ccczyzn.<\/p>\n","protected":false},"author":1,"featured_media":0,"parent":0,"menu_order":0,"comment_status":"closed","ping_status":"closed","template":"","meta":{"footnotes":""},"_links":{"self":[{"href":"https:\/\/msj.oaza.uk\/index.php\/wp-json\/wp\/v2\/pages\/42"}],"collection":[{"href":"https:\/\/msj.oaza.uk\/index.php\/wp-json\/wp\/v2\/pages"}],"about":[{"href":"https:\/\/msj.oaza.uk\/index.php\/wp-json\/wp\/v2\/types\/page"}],"author":[{"embeddable":true,"href":"https:\/\/msj.oaza.uk\/index.php\/wp-json\/wp\/v2\/users\/1"}],"replies":[{"embeddable":true,"href":"https:\/\/msj.oaza.uk\/index.php\/wp-json\/wp\/v2\/comments?post=42"}],"version-history":[{"count":2,"href":"https:\/\/msj.oaza.uk\/index.php\/wp-json\/wp\/v2\/pages\/42\/revisions"}],"predecessor-version":[{"id":118,"href":"https:\/\/msj.oaza.uk\/index.php\/wp-json\/wp\/v2\/pages\/42\/revisions\/118"}],"wp:attachment":[{"href":"https:\/\/msj.oaza.uk\/index.php\/wp-json\/wp\/v2\/media?parent=42"}],"curies":[{"name":"wp","href":"https:\/\/api.w.org\/{rel}","templated":true}]}}